{"id":1318,"date":"2024-07-11T06:26:10","date_gmt":"2024-07-11T06:26:10","guid":{"rendered":"https:\/\/saesoteria-artshop.com\/newmain\/?page_id=1318"},"modified":"2025-09-02T05:03:45","modified_gmt":"2025-09-02T05:03:45","slug":"saesoteria-ai-tekoalypalvelu","status":"publish","type":"page","link":"https:\/\/saesoteria-artshop.com\/newmain\/saesoteria-ai-tekoalypalvelu\/","title":{"rendered":"Saesoteria AI -Teko\u00e4lypalvelu"},"content":{"rendered":"\n<p>Tarjoamme teko\u00e4lypalvelua. K\u00e4yt\u00f6ss\u00e4mme on tehokas tietokone, jolla voidaan toteuttaa teko\u00e4lyll\u00e4 tehtyj\u00e4 kuvia, kuvien skaalausta, teksti\u00e4, \u00e4\u00e4nt\u00e4, videota ja 3D-malleja paikallisesti ilman kolmannen osapuolen palvelinta.<\/p>\n\n\n\n<p>K\u00e4yt\u00e4mme vapaasti saatavilla olevia teko\u00e4lymalleja.<\/p>\n\n\n\n<p>Tekstin tuottamiseen on mahdollista antaa pohjatietona tarpeen mukaan taustamateriaalia teko\u00e4lylle, ja n\u00e4it\u00e4 pohjatekstej\u00e4 hy\u00f6dynt\u00e4en antaa teko\u00e4lylle kysymyksi\u00e4, joihin teko\u00e4ly vastaa pohjatiedoin. K\u00e4ytett\u00e4viss\u00e4 olevat mallit toimivat englannin- ja suomenkielell\u00e4.<\/p>\n\n\n\n<p>Kuvia voidaan toteuttaa usealla eri kuvasuhteella ja sen lis\u00e4ksi kuva voidaan skaalata suuremmalle resoluutiolle teko\u00e4ly\u00e4 hy\u00f6dynt\u00e4m\u00e4ll\u00e4. <\/p>\n\n\n\n<p>Kuvien pohjalta voidaan tehd\u00e4 3D-malleja teko\u00e4ly\u00e4 k\u00e4ytt\u00e4en.<\/p>\n\n\n\n<p>\u00c4\u00e4niefektien ja musiikin luontiin voidaan my\u00f6s k\u00e4ytt\u00e4\u00e4 teko\u00e4ly\u00e4.<\/p>\n\n\n\n<p>Kuvista voidaan luoda lyhyit\u00e4 videoita.<\/p>\n\n\n\n<p>Teko\u00e4lymallia voidaan my\u00f6s finetunata valmiilla datasetill\u00e4.<\/p>\n\n\n\n<p>Palvelun hinta sovitaan erikseen riippuen tarpeesta.<\/p>\n\n\n\n<p>Kysy lis\u00e4\u00e4:<\/p>\n\n\n\n<p>Samuli Aalto<\/p>\n\n\n\n<p>p. 0445649293<\/p>\n\n\n\n<p>email: saesoteria@gmail.com<\/p>\n","protected":false},"excerpt":{"rendered":"<p>Tarjoamme teko\u00e4lypalvelua. K\u00e4yt\u00f6ss\u00e4mme on tehokas tietokone, jolla voidaan toteuttaa teko\u00e4lyll\u00e4 tehtyj\u00e4 kuvia, kuvien skaalausta, teksti\u00e4, \u00e4\u00e4nt\u00e4, videota ja 3D-malleja paikallisesti ilman kolmannen osapuolen palvelinta. K\u00e4yt\u00e4mme vapaasti saatavilla olevia teko\u00e4lymalleja. Tekstin tuottamiseen on mahdollista antaa pohjatietona tarpeen mukaan taustamateriaalia teko\u00e4lylle, ja n\u00e4it\u00e4 pohjatekstej\u00e4 hy\u00f6dynt\u00e4en antaa teko\u00e4lylle kysymyksi\u00e4, joihin teko\u00e4ly vastaa pohjatiedoin. K\u00e4ytett\u00e4viss\u00e4 olevat mallit toimivat englannin- [&hellip;]<\/p>\n","protected":false},"author":1,"featured_media":0,"parent":0,"menu_order":0,"comment_status":"closed","ping_status":"closed","template":"","meta":{"footnotes":""},"class_list":["post-1318","page","type-page","status-publish","hentry"],"_links":{"self":[{"href":"https:\/\/saesoteria-artshop.com\/newmain\/wp-json\/wp\/v2\/pages\/1318","targetHints":{"allow":["GET"]}}],"collection":[{"href":"https:\/\/saesoteria-artshop.com\/newmain\/wp-json\/wp\/v2\/pages"}],"about":[{"href":"https:\/\/saesoteria-artshop.com\/newmain\/wp-json\/wp\/v2\/types\/page"}],"author":[{"embeddable":true,"href":"https:\/\/saesoteria-artshop.com\/newmain\/wp-json\/wp\/v2\/users\/1"}],"replies":[{"embeddable":true,"href":"https:\/\/saesoteria-artshop.com\/newmain\/wp-json\/wp\/v2\/comments?post=1318"}],"version-history":[{"count":4,"href":"https:\/\/saesoteria-artshop.com\/newmain\/wp-json\/wp\/v2\/pages\/1318\/revisions"}],"predecessor-version":[{"id":1491,"href":"https:\/\/saesoteria-artshop.com\/newmain\/wp-json\/wp\/v2\/pages\/1318\/revisions\/1491"}],"wp:attachment":[{"href":"https:\/\/saesoteria-artshop.com\/newmain\/wp-json\/wp\/v2\/media?parent=1318"}],"curies":[{"name":"wp","href":"https:\/\/api.w.org\/{rel}","templated":true}]}}