{"id":15,"date":"2018-12-09T14:43:23","date_gmt":"2018-12-09T14:43:23","guid":{"rendered":"http:\/\/saesoteria-artshop.com\/?page_id=15"},"modified":"2025-05-19T05:51:05","modified_gmt":"2025-05-19T05:51:05","slug":"saesoteria-art-shop-products","status":"publish","type":"page","link":"https:\/\/saesoteria-artshop.com\/newmain\/","title":{"rendered":""},"content":{"rendered":"\n<p class=\"has-text-align-left\"><strong>Saesoteria 3D-tulostettujen esineiden kauppa <\/strong><\/p>\n\n\n\n<p class=\"has-text-align-left\"><a href=\"http:\/\/saesoteria-artshop.com\/newmain\/shop\/\">Kauppa<\/a><\/p>\n\n\n\n<p class=\"has-text-align-left\">M\u00e4\u00e4r\u00e4alennukset:<\/p>\n\n\n\n<ul class=\"wp-block-list\">\n<li>20,00\u20ac ja sit\u00e4 suurempien tilausten kokonaishinnasta v\u00e4hennet\u00e4\u00e4n 3,00\u20ac.<\/li>\n\n\n\n<li>40,00\u20ac ja sit\u00e4 suurempien tilausten toimitus ilman posti- ja toimituskuluja.<\/li>\n<\/ul>\n\n\n\n<p class=\"has-text-align-left\">N\u00e4m\u00e4 alennukset eiv\u00e4t vaadi lis\u00e4toimia ostajalta, vaan huomioidaan laskulla.<\/p>\n\n\n\n<p class=\"has-text-align-left\"><a href=\"http:\/\/saesoteria-artshop.com\/newmain\/kaupan-ohje\/\">Kaupan ohje<\/a><\/p>\n\n\n\n<p class=\"has-text-align-left\"><a href=\"http:\/\/saesoteria-artshop.com\/newmain\/yhteystiedot\/\">Yhteystiedot<\/a><\/p>\n\n\n\n<h4 class=\"wp-block-heading\">3D-tulostuspalvelumme<\/h4>\n\n\n\n<p>Matalan kynnyksen 3D-tulostamista PLA- ja PETG-muoveilla<\/p>\n\n\n\n<p><a href=\"http:\/\/3d-tulosteena.saesoteria-artshop.com\/\">3D-TULOSTEENA<\/a><\/p>\n\n\n\n<h4 class=\"wp-block-heading\">Saesoteria AI -Teko\u00e4lypalvelumme<\/h4>\n\n\n\n<p>Teko\u00e4lyn k\u00e4ytt\u00f6\u00e4 eri k\u00e4ytt\u00f6tarpeisiin<\/p>\n\n\n\n<p><a href=\"https:\/\/saesoteria-artshop.com\/newmain\/saesoteria-ai-tekoalypalvelu\/\" data-type=\"link\" data-id=\"https:\/\/saesoteria-artshop.com\/newmain\/saesoteria-ai-tekoalypalvelu\/\">Saesoteria AI -Teko\u00e4lypalvelu<\/a><\/p>\n\n\n<div class=\"wp-block-image\">\n<figure class=\"alignright size-large\"><a href=\"http:\/\/saesoteria.com\/\"><img loading=\"lazy\" decoding=\"async\" width=\"250\" height=\"333\" src=\"http:\/\/saesoteria-artshop.com\/newmain\/wp-content\/uploads\/2021\/10\/mainos-kyltti-divari250x.png\" alt=\"\" class=\"wp-image-943\" srcset=\"https:\/\/saesoteria-artshop.com\/newmain\/wp-content\/uploads\/2021\/10\/mainos-kyltti-divari250x.png 250w, https:\/\/saesoteria-artshop.com\/newmain\/wp-content\/uploads\/2021\/10\/mainos-kyltti-divari250x-225x300.png 225w\" sizes=\"auto, (max-width: 250px) 100vw, 250px\" \/><\/a><\/figure>\n<\/div>","protected":false},"excerpt":{"rendered":"<p>Saesoteria 3D-tulostettujen esineiden kauppa Kauppa M\u00e4\u00e4r\u00e4alennukset: N\u00e4m\u00e4 alennukset eiv\u00e4t vaadi lis\u00e4toimia ostajalta, vaan huomioidaan laskulla. Kaupan ohje Yhteystiedot 3D-tulostuspalvelumme Matalan kynnyksen 3D-tulostamista PLA- ja PETG-muoveilla 3D-TULOSTEENA Saesoteria AI -Teko\u00e4lypalvelumme Teko\u00e4lyn k\u00e4ytt\u00f6\u00e4 eri k\u00e4ytt\u00f6tarpeisiin Saesoteria AI -Teko\u00e4lypalvelu<\/p>\n","protected":false},"author":1,"featured_media":0,"parent":0,"menu_order":0,"comment_status":"closed","ping_status":"closed","template":"","meta":{"footnotes":""},"class_list":["post-15","page","type-page","status-publish","hentry"],"_links":{"self":[{"href":"https:\/\/saesoteria-artshop.com\/newmain\/wp-json\/wp\/v2\/pages\/15","targetHints":{"allow":["GET"]}}],"collection":[{"href":"https:\/\/saesoteria-artshop.com\/newmain\/wp-json\/wp\/v2\/pages"}],"about":[{"href":"https:\/\/saesoteria-artshop.com\/newmain\/wp-json\/wp\/v2\/types\/page"}],"author":[{"embeddable":true,"href":"https:\/\/saesoteria-artshop.com\/newmain\/wp-json\/wp\/v2\/users\/1"}],"replies":[{"embeddable":true,"href":"https:\/\/saesoteria-artshop.com\/newmain\/wp-json\/wp\/v2\/comments?post=15"}],"version-history":[{"count":84,"href":"https:\/\/saesoteria-artshop.com\/newmain\/wp-json\/wp\/v2\/pages\/15\/revisions"}],"predecessor-version":[{"id":1446,"href":"https:\/\/saesoteria-artshop.com\/newmain\/wp-json\/wp\/v2\/pages\/15\/revisions\/1446"}],"wp:attachment":[{"href":"https:\/\/saesoteria-artshop.com\/newmain\/wp-json\/wp\/v2\/media?parent=15"}],"curies":[{"name":"wp","href":"https:\/\/api.w.org\/{rel}","templated":true}]}}