{"id":1066,"date":"2021-12-30T07:40:41","date_gmt":"2021-12-30T07:40:41","guid":{"rendered":"http:\/\/saesoteria-artshop.com\/?post_type=product&#038;p=1066"},"modified":"2021-12-30T07:40:41","modified_gmt":"2021-12-30T07:40:41","slug":"koriste-22-vari-lapikuultava","status":"publish","type":"product","link":"https:\/\/saesoteria-artshop.com\/newmain\/product\/koriste-22-vari-lapikuultava\/","title":{"rendered":"Koriste 22. v\u00e4ri: l\u00e4pikuultava"},"content":{"rendered":"","protected":false},"excerpt":{"rendered":"<p>leveys: n. 75mm<\/p>\n<p>malli: \u201cFuturistic and Realistic Diamond (Free)\u201d (https:\/\/skfb.ly\/ooXPR) by TheBoss009SS is licensed under Creative Commons Attribution (http:\/\/creativecommons.org\/licenses\/by\/4.0\/).<\/p>\n<p>PETG-muovista 3d-tulostettu. Tulostuksen ep\u00e4s\u00e4\u00e4nn\u00f6llisyytt\u00e4 ja j\u00e4\u00e4mi\u00e4 saattaa ilmet\u00e4 kappaleessa. Pieni\u00e4 irtoavia 3d-tulostinlangan j\u00e4\u00e4mi\u00e4 saattaa ilmet\u00e4.<\/p>\n<p>Huom: Ei lasten k\u00e4ytt\u00f6\u00f6n.<\/p>\n<p>Hinta on yhdelle kappaleelle.<\/p>\n","protected":false},"featured_media":979,"template":"","meta":[],"product_brand":[],"product_cat":[20],"product_tag":[],"class_list":{"0":"post-1066","1":"product","2":"type-product","3":"status-publish","4":"has-post-thumbnail","6":"product_cat-koristeet","8":"first","9":"instock","10":"shipping-taxable","11":"purchasable","12":"product-type-simple","13":"berocket_lgv_grid","14":"berocket_lgv_list_grid"},"_links":{"self":[{"href":"https:\/\/saesoteria-artshop.com\/newmain\/wp-json\/wp\/v2\/product\/1066","targetHints":{"allow":["GET"]}}],"collection":[{"href":"https:\/\/saesoteria-artshop.com\/newmain\/wp-json\/wp\/v2\/product"}],"about":[{"href":"https:\/\/saesoteria-artshop.com\/newmain\/wp-json\/wp\/v2\/types\/product"}],"wp:featuredmedia":[{"embeddable":true,"href":"https:\/\/saesoteria-artshop.com\/newmain\/wp-json\/wp\/v2\/media\/979"}],"wp:attachment":[{"href":"https:\/\/saesoteria-artshop.com\/newmain\/wp-json\/wp\/v2\/media?parent=1066"}],"wp:term":[{"taxonomy":"product_brand","embeddable":true,"href":"https:\/\/saesoteria-artshop.com\/newmain\/wp-json\/wp\/v2\/product_brand?post=1066"},{"taxonomy":"product_cat","embeddable":true,"href":"https:\/\/saesoteria-artshop.com\/newmain\/wp-json\/wp\/v2\/product_cat?post=1066"},{"taxonomy":"product_tag","embeddable":true,"href":"https:\/\/saesoteria-artshop.com\/newmain\/wp-json\/wp\/v2\/product_tag?post=1066"}],"curies":[{"name":"wp","href":"https:\/\/api.w.org\/{rel}","templated":true}]}}