{"id":1131,"date":"2022-05-23T06:57:08","date_gmt":"2022-05-23T06:57:08","guid":{"rendered":"http:\/\/saesoteria-artshop.com\/?post_type=product&#038;p=1131"},"modified":"2022-05-23T06:57:38","modified_gmt":"2022-05-23T06:57:38","slug":"koristekyltti-25-vari-musta","status":"publish","type":"product","link":"https:\/\/saesoteria-artshop.com\/newmain\/product\/koristekyltti-25-vari-musta\/","title":{"rendered":"Koristekyltti 25. v\u00e4ri: musta"},"content":{"rendered":"","protected":false},"excerpt":{"rendered":"<p>Pitk\u00e4sivu: n. 140mm<\/p>\n<p><span data-contrast=\"auto\">PLA-muovista\u00a0<\/span><span data-contrast=\"auto\">3d tulostettu koriste, jossa rei\u00e4t ripustamiseen.<\/span><\/p>\n<p>Maalattu akryyliv\u00e4reill\u00e4 ja lakattu akryylilakalla.<\/p>\n<p>Huom: Ei lasten k\u00e4ytt\u00f6\u00f6n.<\/p>\n<p><span data-contrast=\"auto\">Hinta on yhdelle kappaleelle koristeita.<\/span><span data-contrast=\"auto\">\u00a0Hintaan kuuluu vain koriste.<\/span><span data-ccp-props=\"{&quot;201341983&quot;:0,&quot;335559739&quot;:160,&quot;335559740&quot;:259}\">\u00a0<\/span><\/p>\n<p>Malli:<\/p>\n<p>&#8221;Sabertoothed Cat (Smilodon fatalis)&#8221; (https:\/\/skfb.ly\/66JHn) by Idaho Virtualization Laboratory is licensed under Creative Commons Attribution-ShareAlike (http:\/\/creativecommons.org\/licenses\/by-sa\/4.0\/).<\/p>\n","protected":false},"featured_media":1085,"template":"","meta":[],"product_brand":[],"product_cat":[24],"product_tag":[],"class_list":{"0":"post-1131","1":"product","2":"type-product","3":"status-publish","4":"has-post-thumbnail","6":"product_cat-koristekyltti","8":"first","9":"instock","10":"shipping-taxable","11":"purchasable","12":"product-type-simple","13":"berocket_lgv_grid","14":"berocket_lgv_list_grid"},"_links":{"self":[{"href":"https:\/\/saesoteria-artshop.com\/newmain\/wp-json\/wp\/v2\/product\/1131","targetHints":{"allow":["GET"]}}],"collection":[{"href":"https:\/\/saesoteria-artshop.com\/newmain\/wp-json\/wp\/v2\/product"}],"about":[{"href":"https:\/\/saesoteria-artshop.com\/newmain\/wp-json\/wp\/v2\/types\/product"}],"wp:featuredmedia":[{"embeddable":true,"href":"https:\/\/saesoteria-artshop.com\/newmain\/wp-json\/wp\/v2\/media\/1085"}],"wp:attachment":[{"href":"https:\/\/saesoteria-artshop.com\/newmain\/wp-json\/wp\/v2\/media?parent=1131"}],"wp:term":[{"taxonomy":"product_brand","embeddable":true,"href":"https:\/\/saesoteria-artshop.com\/newmain\/wp-json\/wp\/v2\/product_brand?post=1131"},{"taxonomy":"product_cat","embeddable":true,"href":"https:\/\/saesoteria-artshop.com\/newmain\/wp-json\/wp\/v2\/product_cat?post=1131"},{"taxonomy":"product_tag","embeddable":true,"href":"https:\/\/saesoteria-artshop.com\/newmain\/wp-json\/wp\/v2\/product_tag?post=1131"}],"curies":[{"name":"wp","href":"https:\/\/api.w.org\/{rel}","templated":true}]}}