{"id":1238,"date":"2022-12-20T06:24:46","date_gmt":"2022-12-20T06:24:46","guid":{"rendered":"https:\/\/saesoteria-artshop.com\/newmain\/?post_type=product&#038;p=1238"},"modified":"2022-12-20T06:24:46","modified_gmt":"2022-12-20T06:24:46","slug":"koriste-23-vari-lapikuultava","status":"publish","type":"product","link":"https:\/\/saesoteria-artshop.com\/newmain\/product\/koriste-23-vari-lapikuultava\/","title":{"rendered":"Koriste 23. v\u00e4ri: l\u00e4pikuultava"},"content":{"rendered":"","protected":false},"excerpt":{"rendered":"<p>Leveys 120mm.<\/p>\n<p><span data-contrast=\"auto\">PLA-muovista\u00a0<\/span><span data-contrast=\"auto\">3d tulostettu koriste, jossa kolo ripustamiseen.\u00a0<\/span><span data-contrast=\"auto\">Koristeen p<\/span><span data-contrast=\"auto\">ohja<\/span><span data-contrast=\"auto\">puoli<\/span><span data-contrast=\"auto\">\u00a0<\/span><span data-contrast=\"auto\">on\u00a0<\/span><span data-contrast=\"auto\">melko sile\u00e4, johon voi liima<\/span><span data-contrast=\"auto\">ta\u00a0<\/span><span data-contrast=\"auto\">esimerkiksi\u00a0<\/span><span data-contrast=\"auto\">kaksipuolisen<\/span><span data-contrast=\"auto\">\u2013<\/span><span data-contrast=\"auto\">\u00a0tai magneettiteipin kiinnitykseen. Lis\u00e4\u00e4m\u00e4ll\u00e4 hieman liimaa teipin\u00a0<\/span><span data-contrast=\"auto\">ja koristeen v\u00e4liin<\/span><span data-contrast=\"auto\">\u00a0on\u00a0<\/span><span data-contrast=\"auto\">liimapinnan pito<\/span><span data-contrast=\"auto\">\u00a0pienest\u00e4\u00a0<\/span><span data-contrast=\"auto\">pinnan\u00a0<\/span><span data-contrast=\"auto\">ep\u00e4tasaisuudesta johtuen parempi.<\/span><span data-contrast=\"auto\">\u00a0<\/span><span data-ccp-props=\"{&quot;201341983&quot;:0,&quot;335559739&quot;:160,&quot;335559740&quot;:259}\">\u00a0<\/span><\/p>\n<p><span data-ccp-props=\"{&quot;201341983&quot;:0,&quot;335559739&quot;:160,&quot;335559740&quot;:259}\">Tuotteen pinta ei ole aivan sile\u00e4, tulostuksen ep\u00e4s\u00e4\u00e4nn\u00f6llisyytt\u00e4 ja j\u00e4\u00e4mi\u00e4 saattaa ilmet\u00e4 kappaleessa. Pieni\u00e4 irtoavia 3d-tulostinlangan j\u00e4\u00e4mi\u00e4 saattaa ilmet\u00e4.<\/span><\/p>\n<p>Huom: Ei lasten k\u00e4ytt\u00f6\u00f6n.<\/p>\n<p><span data-contrast=\"auto\">Hinta on yhdelle kappaleelle koristeita.<\/span><span data-contrast=\"auto\">\u00a0Hintaan kuuluu vain koriste.<\/span><span data-ccp-props=\"{&quot;201341983&quot;:0,&quot;335559739&quot;:160,&quot;335559740&quot;:259}\">\u00a0<\/span><\/p>\n<p>Malli:<\/p>\n<p>\u201cWinged Skull (Photogrammetry)\u201d (https:\/\/skfb.ly\/69u9K) by pigfinite is licensed under Creative Commons Attribution (http:\/\/creativecommons.org\/licenses\/by\/4.0\/).<\/p>\n","protected":false},"featured_media":1239,"template":"","meta":[],"product_brand":[],"product_cat":[20],"product_tag":[],"class_list":{"0":"post-1238","1":"product","2":"type-product","3":"status-publish","4":"has-post-thumbnail","6":"product_cat-koristeet","8":"first","9":"instock","10":"shipping-taxable","11":"purchasable","12":"product-type-simple","13":"berocket_lgv_grid","14":"berocket_lgv_list_grid"},"_links":{"self":[{"href":"https:\/\/saesoteria-artshop.com\/newmain\/wp-json\/wp\/v2\/product\/1238","targetHints":{"allow":["GET"]}}],"collection":[{"href":"https:\/\/saesoteria-artshop.com\/newmain\/wp-json\/wp\/v2\/product"}],"about":[{"href":"https:\/\/saesoteria-artshop.com\/newmain\/wp-json\/wp\/v2\/types\/product"}],"wp:featuredmedia":[{"embeddable":true,"href":"https:\/\/saesoteria-artshop.com\/newmain\/wp-json\/wp\/v2\/media\/1239"}],"wp:attachment":[{"href":"https:\/\/saesoteria-artshop.com\/newmain\/wp-json\/wp\/v2\/media?parent=1238"}],"wp:term":[{"taxonomy":"product_brand","embeddable":true,"href":"https:\/\/saesoteria-artshop.com\/newmain\/wp-json\/wp\/v2\/product_brand?post=1238"},{"taxonomy":"product_cat","embeddable":true,"href":"https:\/\/saesoteria-artshop.com\/newmain\/wp-json\/wp\/v2\/product_cat?post=1238"},{"taxonomy":"product_tag","embeddable":true,"href":"https:\/\/saesoteria-artshop.com\/newmain\/wp-json\/wp\/v2\/product_tag?post=1238"}],"curies":[{"name":"wp","href":"https:\/\/api.w.org\/{rel}","templated":true}]}}