{"id":299,"date":"2019-12-11T10:06:21","date_gmt":"2019-12-11T10:06:21","guid":{"rendered":"http:\/\/saesoteria-artshop.com\/?post_type=product&#038;p=299"},"modified":"2020-03-29T16:58:28","modified_gmt":"2020-03-29T16:58:28","slug":"koriste-8-vari-musta-leveys-10cm-paksuus-5mm","status":"publish","type":"product","link":"https:\/\/saesoteria-artshop.com\/newmain\/product\/koriste-8-vari-musta-leveys-10cm-paksuus-5mm\/","title":{"rendered":"Koriste 8., v\u00e4ri: musta, leveys: 10cm, paksuus: 5mm"},"content":{"rendered":"","protected":false},"excerpt":{"rendered":"<p><span data-contrast=\"auto\">PLA-muovista\u00a0<\/span><span data-contrast=\"auto\">3d tulostettu koriste,\u00a0 jossa kolot kiinnitykseen langalla. <\/span><span data-contrast=\"auto\">Koristeen p<\/span><span data-contrast=\"auto\">ohja<\/span><span data-contrast=\"auto\">puoli<\/span><span data-contrast=\"auto\">\u00a0<\/span><span data-contrast=\"auto\">on\u00a0<\/span><span data-contrast=\"auto\">melko sile\u00e4, johon voi liima<\/span><span data-contrast=\"auto\">ta\u00a0<\/span><span data-contrast=\"auto\">esimerkiksi\u00a0<\/span><span data-contrast=\"auto\">kaksipuolisen<\/span><span data-contrast=\"auto\">&#8211;<\/span><span data-contrast=\"auto\">\u00a0tai magneettiteipin kiinnitykseen. Lis\u00e4\u00e4m\u00e4ll\u00e4 hieman liimaa teipin\u00a0<\/span><span data-contrast=\"auto\">ja koristeen v\u00e4liin<\/span><span data-contrast=\"auto\">\u00a0on\u00a0<\/span><span data-contrast=\"auto\">liimapinnan pito<\/span><span data-contrast=\"auto\">\u00a0pienest\u00e4\u00a0<\/span><span data-contrast=\"auto\">pinnan\u00a0<\/span><span data-contrast=\"auto\">ep\u00e4tasaisuudesta johtuen parempi.<\/span><span data-contrast=\"auto\">\u00a0<\/span><span data-ccp-props=\"{&quot;201341983&quot;:0,&quot;335559739&quot;:160,&quot;335559740&quot;:259}\">\u00a0<\/span><\/p>\n<p><span data-contrast=\"auto\">Paksuus\u00a0<\/span><span data-contrast=\"auto\">on<\/span><span data-contrast=\"auto\">\u00a0<\/span><span data-contrast=\"auto\">paksuimmasta<\/span><span data-contrast=\"auto\">\u00a0kohdasta<\/span><span data-contrast=\"auto\">\u00a0ja lev<\/span><span data-contrast=\"auto\">eys on leveimm\u00e4st\u00e4 kohdasta mitattu. Kulmittain leveys voi vaihdella ja olla suurem<\/span><span data-contrast=\"auto\">pi kuin ilmoitettu.<\/span><span data-ccp-props=\"{&quot;201341983&quot;:0,&quot;335559739&quot;:160,&quot;335559740&quot;:259}\">\u00a0<\/span><\/p>\n<p>Huom: Ei lasten k\u00e4ytt\u00f6\u00f6n.<\/p>\n<p><span data-contrast=\"auto\">Hinta on yhdelle kappaleelle koristeita.<\/span><span data-contrast=\"auto\">\u00a0Hintaan kuuluu vain koriste.<\/span><span data-ccp-props=\"{&quot;201341983&quot;:0,&quot;335559739&quot;:160,&quot;335559740&quot;:259}\">\u00a0<\/span><\/p>\n","protected":false},"featured_media":341,"template":"","meta":[],"product_brand":[],"product_cat":[20],"product_tag":[],"class_list":{"0":"post-299","1":"product","2":"type-product","3":"status-publish","4":"has-post-thumbnail","6":"product_cat-koristeet","8":"first","9":"instock","10":"shipping-taxable","11":"purchasable","12":"product-type-simple","13":"berocket_lgv_grid","14":"berocket_lgv_list_grid"},"_links":{"self":[{"href":"https:\/\/saesoteria-artshop.com\/newmain\/wp-json\/wp\/v2\/product\/299","targetHints":{"allow":["GET"]}}],"collection":[{"href":"https:\/\/saesoteria-artshop.com\/newmain\/wp-json\/wp\/v2\/product"}],"about":[{"href":"https:\/\/saesoteria-artshop.com\/newmain\/wp-json\/wp\/v2\/types\/product"}],"wp:featuredmedia":[{"embeddable":true,"href":"https:\/\/saesoteria-artshop.com\/newmain\/wp-json\/wp\/v2\/media\/341"}],"wp:attachment":[{"href":"https:\/\/saesoteria-artshop.com\/newmain\/wp-json\/wp\/v2\/media?parent=299"}],"wp:term":[{"taxonomy":"product_brand","embeddable":true,"href":"https:\/\/saesoteria-artshop.com\/newmain\/wp-json\/wp\/v2\/product_brand?post=299"},{"taxonomy":"product_cat","embeddable":true,"href":"https:\/\/saesoteria-artshop.com\/newmain\/wp-json\/wp\/v2\/product_cat?post=299"},{"taxonomy":"product_tag","embeddable":true,"href":"https:\/\/saesoteria-artshop.com\/newmain\/wp-json\/wp\/v2\/product_tag?post=299"}],"curies":[{"name":"wp","href":"https:\/\/api.w.org\/{rel}","templated":true}]}}