{"id":807,"date":"2021-03-11T07:26:30","date_gmt":"2021-03-11T07:26:30","guid":{"rendered":"http:\/\/saesoteria-artshop.com\/?post_type=product&#038;p=807"},"modified":"2021-03-11T08:08:09","modified_gmt":"2021-03-11T08:08:09","slug":"figuuri-11-vari-kultainen-korkeus-80mm","status":"publish","type":"product","link":"https:\/\/saesoteria-artshop.com\/newmain\/product\/figuuri-11-vari-kultainen-korkeus-80mm\/","title":{"rendered":"Figuuri 11.v\u00e4ri: kultainen, korkeus: 80mm"},"content":{"rendered":"","protected":false},"excerpt":{"rendered":"<p><iframe loading=\"lazy\" width=\"560\" height=\"315\" src=\"https:\/\/www.youtube.com\/embed\/wbVKsRqPpME\" frameborder=\"0\" allow=\"accelerometer; autoplay; clipboard-write; encrypted-media; gyroscope; picture-in-picture\" allowfullscreen><\/iframe><br \/>\n<span data-contrast=\"auto\">PLA-muovista\u00a0<\/span><span data-contrast=\"auto\">3d-tulostettu koriste. Tuotteen pinta ei ole aivan sile\u00e4, tulostuksen ep\u00e4s\u00e4\u00e4nn\u00f6llisyytt\u00e4 ja j\u00e4\u00e4mi\u00e4 saattaa ilmet\u00e4 kappaleessa. Pieni\u00e4 irtoavia 3d-tulostinlangan j\u00e4\u00e4mi\u00e4 saattaa ilmet\u00e4.<\/span><\/p>\n<p>Huom: Ei lasten k\u00e4ytt\u00f6\u00f6n.<\/p>\n<p><span data-contrast=\"auto\">Hinta on yhdelle kappaleelle koristeita.<\/span><span data-contrast=\"auto\">\u00a0Hintaan kuuluu vain koriste.<\/span><span data-ccp-props=\"{&quot;201341983&quot;:0,&quot;335559739&quot;:160,&quot;335559740&quot;:259}\">\u00a0<\/span><\/p>\n","protected":false},"featured_media":736,"template":"","meta":[],"product_brand":[],"product_cat":[25],"product_tag":[],"class_list":{"0":"post-807","1":"product","2":"type-product","3":"status-publish","4":"has-post-thumbnail","6":"product_cat-figuurit","8":"first","9":"instock","10":"shipping-taxable","11":"purchasable","12":"product-type-simple","13":"berocket_lgv_grid","14":"berocket_lgv_list_grid"},"_links":{"self":[{"href":"https:\/\/saesoteria-artshop.com\/newmain\/wp-json\/wp\/v2\/product\/807","targetHints":{"allow":["GET"]}}],"collection":[{"href":"https:\/\/saesoteria-artshop.com\/newmain\/wp-json\/wp\/v2\/product"}],"about":[{"href":"https:\/\/saesoteria-artshop.com\/newmain\/wp-json\/wp\/v2\/types\/product"}],"wp:featuredmedia":[{"embeddable":true,"href":"https:\/\/saesoteria-artshop.com\/newmain\/wp-json\/wp\/v2\/media\/736"}],"wp:attachment":[{"href":"https:\/\/saesoteria-artshop.com\/newmain\/wp-json\/wp\/v2\/media?parent=807"}],"wp:term":[{"taxonomy":"product_brand","embeddable":true,"href":"https:\/\/saesoteria-artshop.com\/newmain\/wp-json\/wp\/v2\/product_brand?post=807"},{"taxonomy":"product_cat","embeddable":true,"href":"https:\/\/saesoteria-artshop.com\/newmain\/wp-json\/wp\/v2\/product_cat?post=807"},{"taxonomy":"product_tag","embeddable":true,"href":"https:\/\/saesoteria-artshop.com\/newmain\/wp-json\/wp\/v2\/product_tag?post=807"}],"curies":[{"name":"wp","href":"https:\/\/api.w.org\/{rel}","templated":true}]}}