{"id":830,"date":"2021-03-15T09:21:49","date_gmt":"2021-03-15T09:21:49","guid":{"rendered":"http:\/\/saesoteria-artshop.com\/?post_type=product&#038;p=830"},"modified":"2022-12-16T06:45:03","modified_gmt":"2022-12-16T06:45:03","slug":"eri-kokoisia-varisia-numeroita-ja-kirjaimia","status":"publish","type":"product","link":"https:\/\/saesoteria-artshop.com\/newmain\/product\/eri-kokoisia-varisia-numeroita-ja-kirjaimia\/","title":{"rendered":"Eri kokoisia\/v\u00e4risi\u00e4 numeroita ja kirjaimia"},"content":{"rendered":"","protected":false},"excerpt":{"rendered":"<p>Voimme tehd\u00e4 3d-tulostettuja numeroita ja kirjaimia tilauksesta eri kokoisina ja v\u00e4risin\u00e4. Kappalehinta muodostuu kirjaimen koosta.<\/p>\n<p>Tulostuspalvelumme esittely:<\/p>\n<p>http:\/\/3d-tulosteena.saesoteria-artshop.com\/<\/p>\n","protected":false},"featured_media":1154,"template":"","meta":[],"product_brand":[],"product_cat":[30],"product_tag":[],"class_list":{"0":"post-830","1":"product","2":"type-product","3":"status-publish","4":"has-post-thumbnail","6":"product_cat-palvelut","8":"first","9":"instock","10":"shipping-taxable","11":"product-type-simple","12":"berocket_lgv_grid","13":"berocket_lgv_list_grid"},"_links":{"self":[{"href":"https:\/\/saesoteria-artshop.com\/newmain\/wp-json\/wp\/v2\/product\/830","targetHints":{"allow":["GET"]}}],"collection":[{"href":"https:\/\/saesoteria-artshop.com\/newmain\/wp-json\/wp\/v2\/product"}],"about":[{"href":"https:\/\/saesoteria-artshop.com\/newmain\/wp-json\/wp\/v2\/types\/product"}],"wp:featuredmedia":[{"embeddable":true,"href":"https:\/\/saesoteria-artshop.com\/newmain\/wp-json\/wp\/v2\/media\/1154"}],"wp:attachment":[{"href":"https:\/\/saesoteria-artshop.com\/newmain\/wp-json\/wp\/v2\/media?parent=830"}],"wp:term":[{"taxonomy":"product_brand","embeddable":true,"href":"https:\/\/saesoteria-artshop.com\/newmain\/wp-json\/wp\/v2\/product_brand?post=830"},{"taxonomy":"product_cat","embeddable":true,"href":"https:\/\/saesoteria-artshop.com\/newmain\/wp-json\/wp\/v2\/product_cat?post=830"},{"taxonomy":"product_tag","embeddable":true,"href":"https:\/\/saesoteria-artshop.com\/newmain\/wp-json\/wp\/v2\/product_tag?post=830"}],"curies":[{"name":"wp","href":"https:\/\/api.w.org\/{rel}","templated":true}]}}